{"id":2,"date":"2024-07-11T03:10:33","date_gmt":"2024-07-11T03:10:33","guid":{"rendered":"https:\/\/tacos-lacapilla.com.mx\/?page_id=2"},"modified":"2024-07-11T20:22:08","modified_gmt":"2024-07-11T20:22:08","slug":"sample-page","status":"publish","type":"page","link":"https:\/\/tacos-lacapilla.com.mx\/?page_id=2","title":{"rendered":"Sucursales"},"content":{"rendered":"\n<ul class=\"wp-block-list\">\n<li><a href=\"https:\/\/maps.app.goo.gl\/3FNFSb23XH5qW58e9\">Capilla Tec<br><\/a>Jes\u00fas Oviedo Avenda\u00f1o 103, Conjunto G\u00e9minis, 76150 Santiago de Quer\u00e9taro, Qro.<br>Tel\u00e9fono: (442)217 0047<br><\/li>\n\n\n\n<li><a href=\"https:\/\/maps.app.goo.gl\/nLjaX8Ag7jQ8wEGZ7\">Capilla Milenio<br><\/a>Camino Real de Carretas 321, Milenio III, 76060 Santiago de Quer\u00e9taro, Qro.<br>Tel\u00e9fono: (442)294 8677<br><\/li>\n\n\n\n<li><a href=\"https:\/\/maps.app.goo.gl\/ex437vUom2QR6buf8\">Capilla Centro Sur<br><\/a>Av Fray Luis de Le\u00f3n 3073, Centro Sur, 76093 Santiago de Quer\u00e9taro, Qro.<br><\/li>\n\n\n\n<li><a href=\"https:\/\/maps.app.goo.gl\/Vf9jG8N66qp1SmpK9\">Capilla Tejeda<br><\/a>P.\u00ba de Tejeda 213, Tejeda, 76190 El Pueblito, Qro.<br>Tel\u00e9fono: (442) 228 1844<br><\/li>\n\n\n\n<li><a href=\"https:\/\/maps.app.goo.gl\/zE2oNj62w3CwBGG36\">Capilla Refugio<br><\/a>Pe\u00f1a de Bernal No. 117, El Refugio, 76146 Santiago de Quer\u00e9taro, Qro.<br>Tel\u00e9fono: (442)246 4318<br><\/li>\n\n\n\n<li><a href=\"https:\/\/maps.app.goo.gl\/bv76fvihJ5rC7PGEA\">Capilla Juriquilla <br><\/a>C. Acueducto de Zacatecas 518, Jurica Acueducto, 76230 Juriquilla, Qro.<br><\/li>\n<\/ul>\n\n\n\n<p class=\"has-text-align-center\">Horarios<\/p>\n\n\n\n<p><\/p>\n\n\n\n<p class=\"has-text-align-center\">lunes, 8:15\u202fa.m.\u20132:30\u202fp.m.<br><br>martes, Cerrado<br><br>mi\u00e9rcoles, 8:15\u202fa.m.\u20132:30\u202fp.m.<br><br>jueves, 8:15\u202fa.m.\u20132:30\u202fp.m.<br><br>viernes, 8:15\u202fa.m.\u20132:30\u202fp.m.<br><br>s\u00e1bado, 8:15\u202fa.m.\u20132:30\u202fp.m.<br><br>domingo, 8:15\u202fa.m.\u20132:30\u202fp.m.<\/p>\n\n\n\n<p><\/p>\n","protected":false},"excerpt":{"rendered":"<p>Horarios lunes, 8:15\u202fa.m.\u20132:30\u202fp.m. martes, Cerrado mi\u00e9rcoles, 8:15\u202fa.m.\u20132:30\u202fp.m. jueves, 8:15\u202fa.m.\u20132:30\u202fp.m. viernes, 8:15\u202fa.m.\u20132:30\u202fp.m. s\u00e1bado, 8:15\u202fa.m.\u20132:30\u202fp.m. domingo, 8:15\u202fa.m.\u20132:30\u202fp.m.<\/p>\n","protected":false},"author":1,"featured_media":0,"parent":0,"menu_order":0,"comment_status":"closed","ping_status":"open","template":"","meta":{"footnotes":""},"class_list":["post-2","page","type-page","status-publish","hentry"],"_links":{"self":[{"href":"https:\/\/tacos-lacapilla.com.mx\/index.php?rest_route=\/wp\/v2\/pages\/2","targetHints":{"allow":["GET"]}}],"collection":[{"href":"https:\/\/tacos-lacapilla.com.mx\/index.php?rest_route=\/wp\/v2\/pages"}],"about":[{"href":"https:\/\/tacos-lacapilla.com.mx\/index.php?rest_route=\/wp\/v2\/types\/page"}],"author":[{"embeddable":true,"href":"https:\/\/tacos-lacapilla.com.mx\/index.php?rest_route=\/wp\/v2\/users\/1"}],"replies":[{"embeddable":true,"href":"https:\/\/tacos-lacapilla.com.mx\/index.php?rest_route=%2Fwp%2Fv2%2Fcomments&post=2"}],"version-history":[{"count":3,"href":"https:\/\/tacos-lacapilla.com.mx\/index.php?rest_route=\/wp\/v2\/pages\/2\/revisions"}],"predecessor-version":[{"id":32,"href":"https:\/\/tacos-lacapilla.com.mx\/index.php?rest_route=\/wp\/v2\/pages\/2\/revisions\/32"}],"wp:attachment":[{"href":"https:\/\/tacos-lacapilla.com.mx\/index.php?rest_route=%2Fwp%2Fv2%2Fmedia&parent=2"}],"curies":[{"name":"wp","href":"https:\/\/api.w.org\/{rel}","templated":true}]}}